{"id":65,"date":"2024-08-05T15:00:01","date_gmt":"2024-08-05T15:00:01","guid":{"rendered":"https:\/\/dev.audis.ch\/wordpress\/?page_id=65"},"modified":"2024-09-04T06:12:02","modified_gmt":"2024-09-04T06:12:02","slug":"begleitung-im-alltag","status":"publish","type":"page","link":"https:\/\/audis.ch\/?page_id=65","title":{"rendered":"Bed\u00fcrfnisse erkennen"},"content":{"rendered":"\n<p>ADHS und Autismus-Spektrum-St\u00f6rungen werden oft erst sp\u00e4t erkannt. Das kann zu einem langen Leidensweg f\u00fchren, mit psychischen Herausforderungen wie \u00c4ngsten, depressiven Verstimmungen, Zw\u00e4ngen und weiteren Symptomen.<br><br>Ist die Antwort auf viele der folgenden Fragen \u00abJa\u00bb, kann dir meine fachliche Begleitung nachhaltig Erleichterung bringen.<br><br><strong>Hast du dich auch schon gefragt warum \u2026<\/strong><\/p>\n\n\n\n<ul class=\"wp-block-list\">\n<li>du dich in sozialen Situationen oft fehl am Platz f\u00fchlst?<\/li>\n\n\n\n<li>deine Gedanken manchmal wie ein Wirbelsturm sind und du dich nicht fokussieren kannst?<\/li>\n\n\n\n<li>du dich im Job st\u00e4ndig missverstanden f\u00fchlst und deine St\u00e4rken nicht zeigen kannst?<\/li>\n\n\n\n<li>du schnell von Ger\u00e4uschen oder Lichtern \u00fcberfordert bist und dich zur\u00fcckziehen musst?<\/li>\n\n\n\n<li>es dir schwerf\u00e4llt, Routinen einzuhalten und Aufgaben zu organisieren?<\/li>\n<\/ul>\n\n\n\n<p><strong>Ergeht es dir oft so, dass \u2026<\/strong><\/p>\n\n\n\n<ul class=\"wp-block-list\">\n<li>du Schwierigkeiten hast, klare Kommunikation mit anderen zu f\u00fchren?<\/li>\n\n\n\n<li>du dich im Alltag gestresst und \u00fcberfordert f\u00fchlst, obwohl du dich bem\u00fchst, alles richtig zu machen?<\/li>\n\n\n\n<li>du oft von anderen nicht verstanden wirst und dir w\u00fcnschst, einfach du selbst sein zu d\u00fcrfen?<\/li>\n\n\n\n<li>du trotz deiner Bem\u00fchungen Schwierigkeiten hast, deine Ziele zu erreichen und dich oft entmutigt f\u00fchlst?<\/li>\n\n\n\n<li>du deine besonderen Talente und F\u00e4higkeiten nicht richtig nutzen kannst und das Gef\u00fchl hast, nicht dein volles Potenzial auszusch\u00f6pfen?<\/li>\n\n\n\n<li>du dich irgendwie anders f\u00fchlst?<\/li>\n<\/ul>\n\n\n\n<p><\/p>\n\n\n\n<p><\/p>\n\n\n\n<p><\/p>\n\n\n\n<p><\/p>\n\n\n\n<p><\/p>\n","protected":false},"excerpt":{"rendered":"<p>ADHS und Autismus-Spektrum-St\u00f6rungen werden oft erst sp\u00e4t erkannt. Das kann zu einem langen Leidensweg f\u00fchren, mit psychischen Herausforderungen wie \u00c4ngsten, depressiven Verstimmungen, Zw\u00e4ngen und weiteren Symptomen. Ist die Antwort auf viele der folgenden Fragen \u00abJa\u00bb, kann dir meine fachliche Begleitung nachhaltig Erleichterung bringen. Hast du dich auch schon gefragt warum \u2026 Ergeht es dir oft &hellip; <\/p>\n<p class=\"link-more\"><a href=\"https:\/\/audis.ch\/?page_id=65\" class=\"more-link\"><span class=\"screen-reader-text\">\u201eBed\u00fcrfnisse erkennen\u201c <\/span>weiterlesen<\/a><\/p>\n","protected":false},"author":1,"featured_media":395,"parent":0,"menu_order":0,"comment_status":"closed","ping_status":"closed","template":"","meta":{"footnotes":""},"class_list":["post-65","page","type-page","status-publish","has-post-thumbnail","hentry"],"_links":{"self":[{"href":"https:\/\/audis.ch\/index.php?rest_route=\/wp\/v2\/pages\/65","targetHints":{"allow":["GET"]}}],"collection":[{"href":"https:\/\/audis.ch\/index.php?rest_route=\/wp\/v2\/pages"}],"about":[{"href":"https:\/\/audis.ch\/index.php?rest_route=\/wp\/v2\/types\/page"}],"author":[{"embeddable":true,"href":"https:\/\/audis.ch\/index.php?rest_route=\/wp\/v2\/users\/1"}],"replies":[{"embeddable":true,"href":"https:\/\/audis.ch\/index.php?rest_route=%2Fwp%2Fv2%2Fcomments&post=65"}],"version-history":[{"count":11,"href":"https:\/\/audis.ch\/index.php?rest_route=\/wp\/v2\/pages\/65\/revisions"}],"predecessor-version":[{"id":455,"href":"https:\/\/audis.ch\/index.php?rest_route=\/wp\/v2\/pages\/65\/revisions\/455"}],"wp:featuredmedia":[{"embeddable":true,"href":"https:\/\/audis.ch\/index.php?rest_route=\/wp\/v2\/media\/395"}],"wp:attachment":[{"href":"https:\/\/audis.ch\/index.php?rest_route=%2Fwp%2Fv2%2Fmedia&parent=65"}],"curies":[{"name":"wp","href":"https:\/\/api.w.org\/{rel}","templated":true}]}}