{"id":520,"date":"2025-03-16T13:16:35","date_gmt":"2025-03-16T13:16:35","guid":{"rendered":"https:\/\/audis.ch\/?page_id=520"},"modified":"2025-10-27T13:05:21","modified_gmt":"2025-10-27T13:05:21","slug":"adhs-eltern-workshop-in-4-teilen","status":"publish","type":"page","link":"https:\/\/audis.ch\/?page_id=520","title":{"rendered":"ADHS\/Autismus Eltern-Workshop"},"content":{"rendered":"\n<p>Eine ADHS-\/Autismus-Diagnose eines Kindes bringt oft gemischte Gef\u00fchle mit sich: Erleichterung, endlich eine Erkl\u00e4rung zu haben \u2013 aber auch Unsicherheit, Zweifel und \u00dcberforderung. <br>Viele Eltern f\u00fchlen sich allein gelassen, k\u00e4mpfen mit Schuldgef\u00fchlen und der st\u00e4ndigen Frage, wie sie ihr Kind bestm\u00f6glich unterst\u00fctzen k\u00f6nnen.<\/p>\n\n\n\n<p><strong>Gelassenheit beginnt dort, wo Wissen Unsicherheit ersetzt.<\/strong><\/p>\n\n\n\n<p>Das Angebot richtet sich an Eltern, die ihr Kind besser verstehen und unterst\u00fctzen m\u00f6chten. Der Workshop vermittelt fundiertes Wissen, gibt praktische Werkzeuge an die Hand und schafft einen Raum f\u00fcr Austausch \u2013 damit Sie den Herausforderungen im Alltag mit mehr Gelassenheit begegnen k\u00f6nnen.<\/p>\n\n\n\n<p><strong>F\u00fcr 2026 sind neue Kurse in Planung.<\/strong> <\/p>\n\n\n\n<p><\/p>\n","protected":false},"excerpt":{"rendered":"<p>Eine ADHS-\/Autismus-Diagnose eines Kindes bringt oft gemischte Gef\u00fchle mit sich: Erleichterung, endlich eine Erkl\u00e4rung zu haben \u2013 aber auch Unsicherheit, Zweifel und \u00dcberforderung. Viele Eltern f\u00fchlen sich allein gelassen, k\u00e4mpfen mit Schuldgef\u00fchlen und der st\u00e4ndigen Frage, wie sie ihr Kind bestm\u00f6glich unterst\u00fctzen k\u00f6nnen. Gelassenheit beginnt dort, wo Wissen Unsicherheit ersetzt. Das Angebot richtet sich an &hellip; <\/p>\n<p class=\"link-more\"><a href=\"https:\/\/audis.ch\/?page_id=520\" class=\"more-link\"><span class=\"screen-reader-text\">\u201eADHS\/Autismus Eltern-Workshop\u201c <\/span>weiterlesen<\/a><\/p>\n","protected":false},"author":1,"featured_media":528,"parent":0,"menu_order":0,"comment_status":"closed","ping_status":"closed","template":"","meta":{"footnotes":""},"class_list":["post-520","page","type-page","status-publish","has-post-thumbnail","hentry"],"_links":{"self":[{"href":"https:\/\/audis.ch\/index.php?rest_route=\/wp\/v2\/pages\/520","targetHints":{"allow":["GET"]}}],"collection":[{"href":"https:\/\/audis.ch\/index.php?rest_route=\/wp\/v2\/pages"}],"about":[{"href":"https:\/\/audis.ch\/index.php?rest_route=\/wp\/v2\/types\/page"}],"author":[{"embeddable":true,"href":"https:\/\/audis.ch\/index.php?rest_route=\/wp\/v2\/users\/1"}],"replies":[{"embeddable":true,"href":"https:\/\/audis.ch\/index.php?rest_route=%2Fwp%2Fv2%2Fcomments&post=520"}],"version-history":[{"count":10,"href":"https:\/\/audis.ch\/index.php?rest_route=\/wp\/v2\/pages\/520\/revisions"}],"predecessor-version":[{"id":552,"href":"https:\/\/audis.ch\/index.php?rest_route=\/wp\/v2\/pages\/520\/revisions\/552"}],"wp:featuredmedia":[{"embeddable":true,"href":"https:\/\/audis.ch\/index.php?rest_route=\/wp\/v2\/media\/528"}],"wp:attachment":[{"href":"https:\/\/audis.ch\/index.php?rest_route=%2Fwp%2Fv2%2Fmedia&parent=520"}],"curies":[{"name":"wp","href":"https:\/\/api.w.org\/{rel}","templated":true}]}}