{"id":21,"date":"2024-08-04T14:11:43","date_gmt":"2024-08-04T14:11:43","guid":{"rendered":"https:\/\/dev.audis.ch\/wordpress\/?page_id=21"},"modified":"2024-08-14T20:13:24","modified_gmt":"2024-08-14T20:13:24","slug":"gehoertwerden-fuehrt-zu-antworten","status":"publish","type":"page","link":"https:\/\/audis.ch\/","title":{"rendered":"Geh\u00f6rtwerden f\u00fchrt zu Antworten"},"content":{"rendered":"\n<p>Hinh\u00f6ren und Geh\u00f6rtwerden sind zentrale Elemente meiner Arbeit. Ich will meinen Klienten das heilsame Gef\u00fchl des Geh\u00f6rtwerdens vermitteln. Mir liegt es am Herzen dass sich Kinder, Jugendliche und Erwachsene in unserer Welt geh\u00f6rt f\u00fchlen, und dadurch ihr Leben mit Leichtigkeit und Selbstsicherheit geniessen k\u00f6nnen.<br><br>Mein Ziel ist es, neue Angebote zu schaffen und Br\u00fccken zu bauen, um Betroffene und ihre Familien bestm\u00f6glich zu unterst\u00fctzen. Dabei sehe ich mich als \u00dcbersetzerin um Verst\u00e4ndnis und Hilfe dort zu bieten, wo sie am meisten gebraucht wird. In meiner Praxis begegne ich meinen Klientinnen und Klienten auf Augenh\u00f6he und sehe sie als Experten ihrer eigenen Situation.<br><br>Ich sehe die Ressourcen im Menschen und fokussiere mich nicht auf Defizite.<\/p>\n\n\n\n<p><br><em>\u00ab<strong>audis<\/strong>\u00bb ist das Wort \u00ab<strong>geh\u00f6rt<\/strong>\u00bb in Esperanto.<\/em><br><em><br>Die Sprache Esperanto wurde aus einer utopischen Vision heraus entwickelt: Nach dem Erlernen dieser einen Fremdsprache, k\u00f6nnten sich alle Menschen der Erde problemlos verst\u00e4ndigen und austauschen.<\/em><\/p>\n\n\n\n<p><\/p>\n","protected":false},"excerpt":{"rendered":"<p>Hinh\u00f6ren und Geh\u00f6rtwerden sind zentrale Elemente meiner Arbeit. Ich will meinen Klienten das heilsame Gef\u00fchl des Geh\u00f6rtwerdens vermitteln. Mir liegt es am Herzen dass sich Kinder, Jugendliche und Erwachsene in unserer Welt geh\u00f6rt f\u00fchlen, und dadurch ihr Leben mit Leichtigkeit und Selbstsicherheit geniessen k\u00f6nnen. Mein Ziel ist es, neue Angebote zu schaffen und Br\u00fccken zu &hellip; <\/p>\n<p class=\"link-more\"><a href=\"https:\/\/audis.ch\/\" class=\"more-link\"><span class=\"screen-reader-text\">\u201eGeh\u00f6rtwerden f\u00fchrt zu Antworten\u201c <\/span>weiterlesen<\/a><\/p>\n","protected":false},"author":1,"featured_media":0,"parent":0,"menu_order":0,"comment_status":"closed","ping_status":"closed","template":"","meta":{"footnotes":""},"class_list":["post-21","page","type-page","status-publish","hentry"],"_links":{"self":[{"href":"https:\/\/audis.ch\/index.php?rest_route=\/wp\/v2\/pages\/21","targetHints":{"allow":["GET"]}}],"collection":[{"href":"https:\/\/audis.ch\/index.php?rest_route=\/wp\/v2\/pages"}],"about":[{"href":"https:\/\/audis.ch\/index.php?rest_route=\/wp\/v2\/types\/page"}],"author":[{"embeddable":true,"href":"https:\/\/audis.ch\/index.php?rest_route=\/wp\/v2\/users\/1"}],"replies":[{"embeddable":true,"href":"https:\/\/audis.ch\/index.php?rest_route=%2Fwp%2Fv2%2Fcomments&post=21"}],"version-history":[{"count":12,"href":"https:\/\/audis.ch\/index.php?rest_route=\/wp\/v2\/pages\/21\/revisions"}],"predecessor-version":[{"id":253,"href":"https:\/\/audis.ch\/index.php?rest_route=\/wp\/v2\/pages\/21\/revisions\/253"}],"wp:attachment":[{"href":"https:\/\/audis.ch\/index.php?rest_route=%2Fwp%2Fv2%2Fmedia&parent=21"}],"curies":[{"name":"wp","href":"https:\/\/api.w.org\/{rel}","templated":true}]}}