{"id":18,"date":"2024-08-04T14:11:43","date_gmt":"2024-08-04T14:11:43","guid":{"rendered":"https:\/\/dev.audis.ch\/wordpress\/?page_id=18"},"modified":"2025-10-27T12:50:01","modified_gmt":"2025-10-27T12:50:01","slug":"ueber-uns","status":"publish","type":"page","link":"https:\/\/audis.ch\/?page_id=18","title":{"rendered":"Den Anfang finden"},"content":{"rendered":"\n<p>In einem Erstgespr\u00e4ch kl\u00e4ren wir gemeinsam die Bed\u00fcrfnisse und M\u00f6glichkeiten. <br><br>Meine Begleitung kann in meiner Praxis oder bei dir zu Hause stattfinden. Das Angebot richtet sich an alle Altersgruppen. Die Anmeldung erfolgt per\u00a0<a href=\"mailto:nadine.binggeli@audis.ch\">E-Mail<\/a>\u00a0oder Telefon.<br><\/p>\n","protected":false},"excerpt":{"rendered":"<p>In einem Erstgespr\u00e4ch kl\u00e4ren wir gemeinsam die Bed\u00fcrfnisse und M\u00f6glichkeiten. Meine Begleitung kann in meiner Praxis oder bei dir zu Hause stattfinden. Das Angebot richtet sich an alle Altersgruppen. Die Anmeldung erfolgt per\u00a0E-Mail\u00a0oder Telefon.<\/p>\n","protected":false},"author":1,"featured_media":404,"parent":0,"menu_order":0,"comment_status":"closed","ping_status":"closed","template":"","meta":{"footnotes":""},"class_list":["post-18","page","type-page","status-publish","has-post-thumbnail","hentry"],"_links":{"self":[{"href":"https:\/\/audis.ch\/index.php?rest_route=\/wp\/v2\/pages\/18","targetHints":{"allow":["GET"]}}],"collection":[{"href":"https:\/\/audis.ch\/index.php?rest_route=\/wp\/v2\/pages"}],"about":[{"href":"https:\/\/audis.ch\/index.php?rest_route=\/wp\/v2\/types\/page"}],"author":[{"embeddable":true,"href":"https:\/\/audis.ch\/index.php?rest_route=\/wp\/v2\/users\/1"}],"replies":[{"embeddable":true,"href":"https:\/\/audis.ch\/index.php?rest_route=%2Fwp%2Fv2%2Fcomments&post=18"}],"version-history":[{"count":16,"href":"https:\/\/audis.ch\/index.php?rest_route=\/wp\/v2\/pages\/18\/revisions"}],"predecessor-version":[{"id":546,"href":"https:\/\/audis.ch\/index.php?rest_route=\/wp\/v2\/pages\/18\/revisions\/546"}],"wp:featuredmedia":[{"embeddable":true,"href":"https:\/\/audis.ch\/index.php?rest_route=\/wp\/v2\/media\/404"}],"wp:attachment":[{"href":"https:\/\/audis.ch\/index.php?rest_route=%2Fwp%2Fv2%2Fmedia&parent=18"}],"curies":[{"name":"wp","href":"https:\/\/api.w.org\/{rel}","templated":true}]}}